{"id":13,"date":"2012-06-10T23:39:47","date_gmt":"2012-06-10T21:39:47","guid":{"rendered":"http:\/\/amappaimblotine.unblog.fr\/?page_id=13"},"modified":"2025-01-21T20:52:59","modified_gmt":"2025-01-21T19:52:59","slug":"infos-pratique","status":"publish","type":"page","link":"https:\/\/amappaimblotine.org\/index.php\/infos-pratique\/","title":{"rendered":"Infos pratiques :-)"},"content":{"rendered":"<p><img loading=\"lazy\" decoding=\"async\" class=\"alignnone size-full wp-image-2157\" src=\"https:\/\/amappaimblotine.org\/wp-content\/uploads\/2025\/01\/cropped-Illustration_sans_titre.png\" alt=\"\" width=\"258\" height=\"250\" \/><\/p>\n<p>Distribution tous les jeudis de 18h00 \u00e0 19h00<\/p>\n<p>sous les halles &#8211; place du March\u00e9 &#8211; Paimb\u0153uf<\/p>\n<p>N&rsquo;h\u00e9sitez \u00e0 venir \u00e0 notre rencontre lors d&rsquo;une distribution ou <a href=\"https:\/\/amappaimblotine.org\/index.php\/nous-contacter\/\"><strong>contactez nous\u00a0 \ud83d\ude09<\/strong><\/a><\/p>\n<p><span style=\"text-decoration: underline; font-family: 'arial black', 'avant garde';\">Vous voulez rejoindre l&rsquo;association ?<\/span><\/p>\n<p>Il vous suffit de compl\u00e9ter un bulletin d&rsquo;adh\u00e9sion : <a href=\"https:\/\/amappaimblotine.org\/wp-content\/uploads\/2024\/11\/bulletin-adhesion-2025.pdf\">bulletin adh\u00e9sion 2025<\/a><\/p>\n<p><span style=\"text-decoration: underline; font-family: 'arial black', 'avant garde';\">Vous avez une remarque \u00e0 formuler \u00e0 l&rsquo;un de nos producteurs ?<\/span><\/p>\n<p>Il vous suffit de compl\u00e9ter une fiche d&rsquo;appr\u00e9ciation :<\/p>\n<p><a href=\"https:\/\/amappaimblotine.org\/wp-content\/uploads\/2012\/06\/fiche-dappreciation.jpg\">fiche appr\u00e9ciation (PDF)<\/a><\/p>\n<p><strong>Les membres du bureau : <\/strong>Ma\u00eblle Hamard, C\u00e9line Boudaud, Anne-Laure Bizeul-Foucher, Fr\u00e9d\u00e9ric David, Anne Gazzurelli<\/p>\n<p><img loading=\"lazy\" decoding=\"async\" class=\"alignnone size-full wp-image-2143\" src=\"https:\/\/amappaimblotine.org\/wp-content\/uploads\/2025\/01\/Maelle.jpg\" alt=\"\" width=\"249\" height=\"249\" srcset=\"https:\/\/amappaimblotine.org\/wp-content\/uploads\/2025\/01\/Maelle.jpg 249w, https:\/\/amappaimblotine.org\/wp-content\/uploads\/2025\/01\/Maelle-150x150.jpg 150w, https:\/\/amappaimblotine.org\/wp-content\/uploads\/2025\/01\/Maelle-100x100.jpg 100w\" sizes=\"auto, (max-width: 249px) 100vw, 249px\" \/> <img loading=\"lazy\" decoding=\"async\" class=\"alignnone size-full wp-image-2144\" src=\"https:\/\/amappaimblotine.org\/wp-content\/uploads\/2025\/01\/Celine.jpg\" alt=\"\" width=\"249\" height=\"250\" srcset=\"https:\/\/amappaimblotine.org\/wp-content\/uploads\/2025\/01\/Celine.jpg 249w, https:\/\/amappaimblotine.org\/wp-content\/uploads\/2025\/01\/Celine-150x150.jpg 150w, https:\/\/amappaimblotine.org\/wp-content\/uploads\/2025\/01\/Celine-100x100.jpg 100w\" sizes=\"auto, (max-width: 249px) 100vw, 249px\" \/>\u00a0 <img loading=\"lazy\" decoding=\"async\" class=\"alignnone size-full wp-image-2145\" src=\"https:\/\/amappaimblotine.org\/wp-content\/uploads\/2025\/01\/Anne-Laure.jpg\" alt=\"\" width=\"250\" height=\"247\" srcset=\"https:\/\/amappaimblotine.org\/wp-content\/uploads\/2025\/01\/Anne-Laure.jpg 250w, https:\/\/amappaimblotine.org\/wp-content\/uploads\/2025\/01\/Anne-Laure-100x100.jpg 100w\" sizes=\"auto, (max-width: 250px) 100vw, 250px\" \/>\u00a0 <img loading=\"lazy\" decoding=\"async\" class=\"alignnone size-full wp-image-2146\" src=\"https:\/\/amappaimblotine.org\/wp-content\/uploads\/2025\/01\/Frederic-1.jpg\" alt=\"\" width=\"250\" height=\"251\" srcset=\"https:\/\/amappaimblotine.org\/wp-content\/uploads\/2025\/01\/Frederic-1.jpg 250w, https:\/\/amappaimblotine.org\/wp-content\/uploads\/2025\/01\/Frederic-1-150x150.jpg 150w, https:\/\/amappaimblotine.org\/wp-content\/uploads\/2025\/01\/Frederic-1-100x100.jpg 100w\" sizes=\"auto, (max-width: 250px) 100vw, 250px\" \/>\u00a0 <img loading=\"lazy\" decoding=\"async\" class=\"alignnone size-full wp-image-2147\" src=\"https:\/\/amappaimblotine.org\/wp-content\/uploads\/2025\/01\/Anne.jpg\" alt=\"\" width=\"249\" height=\"248\" srcset=\"https:\/\/amappaimblotine.org\/wp-content\/uploads\/2025\/01\/Anne.jpg 249w, https:\/\/amappaimblotine.org\/wp-content\/uploads\/2025\/01\/Anne-150x150.jpg 150w, https:\/\/amappaimblotine.org\/wp-content\/uploads\/2025\/01\/Anne-100x100.jpg 100w\" sizes=\"auto, (max-width: 249px) 100vw, 249px\" \/><\/p>\n","protected":false},"excerpt":{"rendered":"<p>Distribution tous les jeudis de 18h00 \u00e0 19h00 sous les halles &#8211; place du March\u00e9 &#8211; Paimb\u0153uf N&rsquo;h\u00e9sitez \u00e0 venir \u00e0 notre rencontre lors d&rsquo;une distribution ou contactez nous\u00a0 \ud83d\ude09 Vous voulez rejoindre l&rsquo;association ? Il vous suffit de compl\u00e9ter un bulletin d&rsquo;adh\u00e9sion : bulletin adh\u00e9sion 2025 Vous avez une remarque \u00e0 formuler \u00e0 l&rsquo;un &hellip; <\/p>\n<p class=\"link-more\"><a href=\"https:\/\/amappaimblotine.org\/index.php\/infos-pratique\/\" class=\"more-link\">Continuer la lecture<span class=\"screen-reader-text\"> de &laquo;&nbsp;Infos pratiques \ud83d\ude42&nbsp;&raquo;<\/span><\/a><\/p>\n","protected":false},"author":2,"featured_media":0,"parent":0,"menu_order":0,"comment_status":"open","ping_status":"closed","template":"","meta":{"footnotes":""},"class_list":["post-13","page","type-page","status-publish","hentry"],"_links":{"self":[{"href":"https:\/\/amappaimblotine.org\/index.php\/wp-json\/wp\/v2\/pages\/13","targetHints":{"allow":["GET"]}}],"collection":[{"href":"https:\/\/amappaimblotine.org\/index.php\/wp-json\/wp\/v2\/pages"}],"about":[{"href":"https:\/\/amappaimblotine.org\/index.php\/wp-json\/wp\/v2\/types\/page"}],"author":[{"embeddable":true,"href":"https:\/\/amappaimblotine.org\/index.php\/wp-json\/wp\/v2\/users\/2"}],"replies":[{"embeddable":true,"href":"https:\/\/amappaimblotine.org\/index.php\/wp-json\/wp\/v2\/comments?post=13"}],"version-history":[{"count":18,"href":"https:\/\/amappaimblotine.org\/index.php\/wp-json\/wp\/v2\/pages\/13\/revisions"}],"predecessor-version":[{"id":2161,"href":"https:\/\/amappaimblotine.org\/index.php\/wp-json\/wp\/v2\/pages\/13\/revisions\/2161"}],"wp:attachment":[{"href":"https:\/\/amappaimblotine.org\/index.php\/wp-json\/wp\/v2\/media?parent=13"}],"curies":[{"name":"wp","href":"https:\/\/api.w.org\/{rel}","templated":true}]}}