{"id":10,"date":"2012-06-10T23:38:55","date_gmt":"2012-06-10T21:38:55","guid":{"rendered":"http:\/\/amappaimblotine.unblog.fr\/?page_id=10"},"modified":"2026-02-26T09:50:55","modified_gmt":"2026-02-26T08:50:55","slug":"les-producteurs","status":"publish","type":"page","link":"https:\/\/amappaimblotine.org\/index.php\/les-producteurs\/","title":{"rendered":"Les producteurs :-)"},"content":{"rendered":"\n<figure class=\"wp-block-image size-full\"><img loading=\"lazy\" decoding=\"async\" width=\"258\" height=\"250\" src=\"https:\/\/amappaimblotine.org\/wp-content\/uploads\/2025\/01\/cropped-Illustration_sans_titre.png\" alt=\"\" class=\"wp-image-2157\"\/><\/figure>\n\n\n\n<h1 class=\"wp-block-heading\">AMAP L\u00c9GUMES<\/h1>\n\n\n\n<p>A partir de juin 2024 : Vincent BLONDEAU \u00e0 FROSSAY \u00ab\u00a0<em>La ferme de Sergonne\u00a0\u00bb<\/em><\/p>\n\n\n\n<p>R\u00e9f\u00e9rente : Audrey Guitteny<\/p>\n\n\n\n<figure class=\"wp-block-image size-full\"><img loading=\"lazy\" decoding=\"async\" width=\"447\" height=\"292\" src=\"https:\/\/amappaimblotine.org\/wp-content\/uploads\/2025\/01\/Audrey-et-Vincent-2.jpg\" alt=\"\" class=\"wp-image-2136\" srcset=\"https:\/\/amappaimblotine.org\/wp-content\/uploads\/2025\/01\/Audrey-et-Vincent-2.jpg 447w, https:\/\/amappaimblotine.org\/wp-content\/uploads\/2025\/01\/Audrey-et-Vincent-2-300x196.jpg 300w\" sizes=\"auto, (max-width: 447px) 100vw, 447px\" \/><\/figure>\n\n\n\n<h1 class=\"wp-block-heading\">AMAP PAIN\/BRIOCHE<\/h1>\n\n\n\n<p>Ga\u00ebl LETILLY \u00e0 SAINT-PERE-EN-RETZ<\/p>\n\n\n\n<p>R\u00e9f\u00e9rente : Nad\u00e8ge TETAUD<\/p>\n\n\n\n<figure class=\"wp-block-image size-full\"><img loading=\"lazy\" decoding=\"async\" width=\"450\" height=\"292\" src=\"https:\/\/amappaimblotine.org\/wp-content\/uploads\/2025\/01\/Nadege-et-Gael.jpg\" alt=\"\" class=\"wp-image-2137\" srcset=\"https:\/\/amappaimblotine.org\/wp-content\/uploads\/2025\/01\/Nadege-et-Gael.jpg 450w, https:\/\/amappaimblotine.org\/wp-content\/uploads\/2025\/01\/Nadege-et-Gael-300x195.jpg 300w\" sizes=\"auto, (max-width: 450px) 100vw, 450px\" \/><\/figure>\n\n\n\n<h1 class=\"wp-block-heading\" id=\"amapTisane\">AMAP TISANES &#8211; BAUMES<\/h1>\n\n\n\n<p>Mathilde DEWAILLY au CLION SUR MER <em>\u00ab\u00a0Le Sens des Simples\u00a0\u00bb<\/em><\/p>\n\n\n\n<p><a href=\"https:\/\/lesensdessimples.wordpress.com\">https:\/\/lesensdessimples.wordpress.com<\/a><\/p>\n\n\n\n<p><a href=\"https:\/\/www.facebook.com\/lesensdessimples\/\">https:\/\/www.facebook.com\/lesensdessimples\/<\/a><\/p>\n\n\n\n<p>R\u00e9f\u00e9rente : Anne GAZZURELLI<\/p>\n\n\n\n<figure class=\"wp-block-image size-full\"><img loading=\"lazy\" decoding=\"async\" width=\"449\" height=\"291\" src=\"https:\/\/amappaimblotine.org\/wp-content\/uploads\/2025\/01\/Anne-et-Mathilde.jpg\" alt=\"\" class=\"wp-image-2138\" srcset=\"https:\/\/amappaimblotine.org\/wp-content\/uploads\/2025\/01\/Anne-et-Mathilde.jpg 449w, https:\/\/amappaimblotine.org\/wp-content\/uploads\/2025\/01\/Anne-et-Mathilde-300x194.jpg 300w\" sizes=\"auto, (max-width: 449px) 100vw, 449px\" \/><\/figure>\n\n\n\n<h1 class=\"wp-block-heading\">AMAP FRUITS<\/h1>\n\n\n\n<p>Claire STAVAUX et Ma\u00ebl SINOIR \u00e0 MAISDON SUR SEVRE <em>\u00ab\u00a0Verger du Moulin des Noues\u00a0\u00bb<\/em><\/p>\n\n\n\n<p>R\u00e9f\u00e9rente : V\u00e9ronique REY THIBAULT<\/p>\n\n\n\n<h1 class=\"wp-block-heading\">AMAP P\u00c2TES FRA\u00ceCHES &#8211; FARINE SARRASIN<\/h1>\n\n\n\n<p>Cl\u00e9ment LECOQ \u00e0 NORT SUR ERDRE<\/p>\n\n\n\n<p>R\u00e9f\u00e9rente : B\u00e9atrice GASTEBOIS<\/p>\n\n\n\n<figure class=\"wp-block-image size-full\"><img loading=\"lazy\" decoding=\"async\" width=\"449\" height=\"290\" src=\"https:\/\/amappaimblotine.org\/wp-content\/uploads\/2025\/07\/Clement-et-Beatrice.jpg\" alt=\"\" class=\"wp-image-2183\" srcset=\"https:\/\/amappaimblotine.org\/wp-content\/uploads\/2025\/07\/Clement-et-Beatrice.jpg 449w, https:\/\/amappaimblotine.org\/wp-content\/uploads\/2025\/07\/Clement-et-Beatrice-300x194.jpg 300w\" sizes=\"auto, (max-width: 449px) 100vw, 449px\" \/><\/figure>\n\n\n\n<h1 class=\"wp-block-heading\">AMAP TOMME &#8211; VIANDE DE BOEUF ET DE PORC<\/h1>\n\n\n\n<p>Guylain et St\u00e9phanie PAGEOT \u00e0 VILLENEUVE-EN-RETZ <em>\u00ab\u00a0Ferme du Marais Champs\u00a0\u00bb<\/em><\/p>\n\n\n\n<p>R\u00e9f\u00e9rent : Fr\u00e9d\u00e9ric DAVID (en photo)<\/p>\n\n\n\n<figure class=\"wp-block-image size-full\"><img loading=\"lazy\" decoding=\"async\" width=\"250\" height=\"251\" src=\"https:\/\/amappaimblotine.org\/wp-content\/uploads\/2025\/01\/Frederic.jpg\" alt=\"\" class=\"wp-image-2139\" srcset=\"https:\/\/amappaimblotine.org\/wp-content\/uploads\/2025\/01\/Frederic.jpg 250w, https:\/\/amappaimblotine.org\/wp-content\/uploads\/2025\/01\/Frederic-150x150.jpg 150w, https:\/\/amappaimblotine.org\/wp-content\/uploads\/2025\/01\/Frederic-100x100.jpg 100w\" sizes=\"auto, (max-width: 250px) 100vw, 250px\" \/><\/figure>\n\n\n\n<h1 class=\"wp-block-heading\">AMAP VOLAILLES &#8211; POULET ET PINTADES<\/h1>\n\n\n\n<p>Fr\u00e9d\u00e9ric Loquais, Jeanne Chauvet, J\u00e9r\u00f4me Vernet et Audrey Espanhol \u00e0 PORT SAINT-PERE <em>\u00ab\u00a0Ferme de la Petite Peltanche\u00a0\u00bb<\/em><\/p>\n\n\n\n<p>R\u00e9f\u00e9rente : Muriel Le Hoerff<\/p>\n\n\n\n<figure class=\"wp-block-image size-full\"><img loading=\"lazy\" decoding=\"async\" width=\"250\" height=\"250\" src=\"https:\/\/amappaimblotine.org\/wp-content\/uploads\/2026\/02\/Ferme-de-la-Petite-Peltanche-e1772095499564.jpeg\" alt=\"\" class=\"wp-image-2251\"\/><\/figure>\n\n\n\n<h2 class=\"wp-block-heading\">Retrouvez la fiche identit\u00e9 de nos producteurs sur :<\/h2>\n\n\n\n<p><a href=\"https:\/\/www.amap44.org\/item\/lamap-paimblotine\/\">http:\/\/www.amap44.org\/l-amap-paimblotine\/<\/a><\/p>\n\n\n\n<p>Et comme certains produits ne sont pas disponibles \u00e0 l&rsquo;Amap, voici la brochure de vente directe produit en sud-estuaire de la communaut\u00e9 de communes :<\/p>\n\n\n<div class=\"wp-block-image\">\n<figure class=\"aligncenter size-full\"><a href=\"https:\/\/amappaimblotine.org\/wp-content\/uploads\/2025\/07\/VenteAlaFerme2025_Web.pdf\"><img loading=\"lazy\" decoding=\"async\" width=\"353\" height=\"500\" src=\"https:\/\/amappaimblotine.org\/wp-content\/uploads\/2025\/07\/Vente-directe-2025.jpg\" alt=\"\" class=\"wp-image-2178\" srcset=\"https:\/\/amappaimblotine.org\/wp-content\/uploads\/2025\/07\/Vente-directe-2025.jpg 353w, https:\/\/amappaimblotine.org\/wp-content\/uploads\/2025\/07\/Vente-directe-2025-212x300.jpg 212w\" sizes=\"auto, (max-width: 353px) 100vw, 353px\" \/><\/a><\/figure>\n<\/div>","protected":false},"excerpt":{"rendered":"<p>AMAP L\u00c9GUMES A partir de juin 2024 : Vincent BLONDEAU \u00e0 FROSSAY \u00ab\u00a0La ferme de Sergonne\u00a0\u00bb R\u00e9f\u00e9rente : Audrey Guitteny AMAP PAIN\/BRIOCHE Ga\u00ebl LETILLY \u00e0 SAINT-PERE-EN-RETZ R\u00e9f\u00e9rente : Nad\u00e8ge TETAUD AMAP TISANES &#8211; BAUMES Mathilde DEWAILLY au CLION SUR MER \u00ab\u00a0Le Sens des Simples\u00a0\u00bb https:\/\/lesensdessimples.wordpress.com https:\/\/www.facebook.com\/lesensdessimples\/ R\u00e9f\u00e9rente : Anne GAZZURELLI AMAP FRUITS Claire STAVAUX et &hellip; <\/p>\n<p class=\"link-more\"><a href=\"https:\/\/amappaimblotine.org\/index.php\/les-producteurs\/\" class=\"more-link\">Continuer la lecture<span class=\"screen-reader-text\"> de &laquo;&nbsp;Les producteurs \ud83d\ude42&nbsp;&raquo;<\/span><\/a><\/p>\n","protected":false},"author":2,"featured_media":0,"parent":0,"menu_order":0,"comment_status":"open","ping_status":"closed","template":"","meta":{"footnotes":""},"class_list":["post-10","page","type-page","status-publish","hentry"],"_links":{"self":[{"href":"https:\/\/amappaimblotine.org\/index.php\/wp-json\/wp\/v2\/pages\/10","targetHints":{"allow":["GET"]}}],"collection":[{"href":"https:\/\/amappaimblotine.org\/index.php\/wp-json\/wp\/v2\/pages"}],"about":[{"href":"https:\/\/amappaimblotine.org\/index.php\/wp-json\/wp\/v2\/types\/page"}],"author":[{"embeddable":true,"href":"https:\/\/amappaimblotine.org\/index.php\/wp-json\/wp\/v2\/users\/2"}],"replies":[{"embeddable":true,"href":"https:\/\/amappaimblotine.org\/index.php\/wp-json\/wp\/v2\/comments?post=10"}],"version-history":[{"count":51,"href":"https:\/\/amappaimblotine.org\/index.php\/wp-json\/wp\/v2\/pages\/10\/revisions"}],"predecessor-version":[{"id":2254,"href":"https:\/\/amappaimblotine.org\/index.php\/wp-json\/wp\/v2\/pages\/10\/revisions\/2254"}],"wp:attachment":[{"href":"https:\/\/amappaimblotine.org\/index.php\/wp-json\/wp\/v2\/media?parent=10"}],"curies":[{"name":"wp","href":"https:\/\/api.w.org\/{rel}","templated":true}]}}